{"id":558,"date":"2026-02-08T23:51:48","date_gmt":"2026-02-09T02:51:48","guid":{"rendered":"https:\/\/lacofi.com\/csa\/?page_id=558"},"modified":"2026-02-09T00:16:51","modified_gmt":"2026-02-09T03:16:51","slug":"examenes-internacionales","status":"publish","type":"page","link":"https:\/\/lacofi.com\/csa\/examenes-internacionales\/","title":{"rendered":"Ex\u00e1menes Internacionales"},"content":{"rendered":"\t\t<div data-elementor-type=\"wp-page\" data-elementor-id=\"558\" class=\"elementor elementor-558\" data-elementor-post-type=\"page\">\n\t\t\t\t<div class=\"elementor-element elementor-element-418c11de e-con-full e-flex e-con e-parent\" data-id=\"418c11de\" data-element_type=\"container\" data-e-type=\"container\" data-settings=\"{&quot;background_background&quot;:&quot;classic&quot;}\">\n\t\t\t\t<div class=\"elementor-element elementor-element-602416f elementor-widget elementor-widget-heading\" data-id=\"602416f\" data-element_type=\"widget\" data-e-type=\"widget\" data-widget_type=\"heading.default\">\n\t\t\t\t\t<h2 class=\"elementor-heading-title elementor-size-default\">\u00bfPor qu\u00e9 son importantes estos ex\u00e1menes?<\/h2>\t\t\t\t<\/div>\n\t\t<div class=\"elementor-element elementor-element-709d7219 e-con-full e-flex e-con e-child\" data-id=\"709d7219\" data-element_type=\"container\" data-e-type=\"container\">\n\t\t<div class=\"elementor-element elementor-element-7ae58baf e-con-full e-flex e-con e-child\" data-id=\"7ae58baf\" data-element_type=\"container\" data-e-type=\"container\">\n\t\t\t\t<div class=\"elementor-element elementor-element-445c2f8a elementor-widget elementor-widget-text-editor\" data-id=\"445c2f8a\" data-element_type=\"widget\" data-e-type=\"widget\" data-widget_type=\"text-editor.default\">\n\t\t\t\t\t\t\t\t\t<p>Estos ex\u00e1menes internacionales no solo certifican el nivel acad\u00e9mico y de ingl\u00e9s de nuestros estudiantes, sino que tambi\u00e9n les abren puertas a universidades, becas y oportunidades en todo el mundo. Al rendirlos, nuestros alumnos aprenden a demostrar sus conocimientos en entornos evaluativos exigentes, desarrollan confianza en sus habilidades y se preparan para los desaf\u00edos de su futuro acad\u00e9mico y profesional.<\/p><p>Adem\u00e1s, la participaci\u00f3n en estos ex\u00e1menes fomenta h\u00e1bitos de estudio, disciplina y responsabilidad, incentivando a los estudiantes a superarse constantemente y a asumir nuevos retos con compromiso y autonom\u00eda, en un entorno que promueve el aprendizaje continuo y la proyecci\u00f3n internacional.<\/p>\t\t\t\t\t\t\t\t<\/div>\n\t\t\t\t<\/div>\n\t\t<div class=\"elementor-element elementor-element-5f78e298 e-con-full e-flex e-con e-child\" data-id=\"5f78e298\" data-element_type=\"container\" data-e-type=\"container\">\n\t\t\t\t<\/div>\n\t\t\t\t<\/div>\n\t\t\t\t<\/div>\n\t\t<div class=\"elementor-element elementor-element-372b65cf e-con-full e-flex e-con e-parent\" data-id=\"372b65cf\" data-element_type=\"container\" data-e-type=\"container\">\n\t\t<div class=\"elementor-element elementor-element-44bb6bba e-con-full e-flex e-con e-child\" data-id=\"44bb6bba\" data-element_type=\"container\" data-e-type=\"container\">\n\t\t\t\t<div class=\"elementor-element elementor-element-6985e794 elementor-widget elementor-widget-heading\" data-id=\"6985e794\" data-element_type=\"widget\" data-e-type=\"widget\" data-widget_type=\"heading.default\">\n\t\t\t\t\t<h2 class=\"elementor-heading-title elementor-size-default\">IGCSE<\/h2>\t\t\t\t<\/div>\n\t\t\t\t<div class=\"elementor-element elementor-element-3318264d elementor-widget elementor-widget-heading\" data-id=\"3318264d\" data-element_type=\"widget\" data-e-type=\"widget\" data-widget_type=\"heading.default\">\n\t\t\t\t\t<h2 class=\"elementor-heading-title elementor-size-default\">\u201cUna educaci\u00f3n Cambridge abre puertas a oportunidades en universidades de todo el mundo.\u201d<\/h2>\t\t\t\t<\/div>\n\t\t\t\t<\/div>\n\t\t<div class=\"elementor-element elementor-element-5f3b4e49 e-con-full e-flex e-con e-child\" data-id=\"5f3b4e49\" data-element_type=\"container\" data-e-type=\"container\">\n\t\t\t\t<div class=\"elementor-element elementor-element-66ff8549 elementor-widget elementor-widget-text-editor\" data-id=\"66ff8549\" data-element_type=\"widget\" data-e-type=\"widget\" data-widget_type=\"text-editor.default\">\n\t\t\t\t\t\t\t\t\t<p>\nA partir del 1er curso de la Educaci\u00f3n Media, los alumnos se preparan para rendir los ex\u00e1menes IGCSE (International General Certificate of Secondary Education) de Cambridge International Education, una certificaci\u00f3n acad\u00e9mica de reconocimiento internacional.\n<\/p>\n\n<p>\nLos IGCSE eval\u00faan conocimientos y habilidades en distintas \u00e1reas, promoviendo el pensamiento cr\u00edtico, la comprensi\u00f3n profunda de los contenidos y la aplicaci\u00f3n pr\u00e1ctica del aprendizaje. Este programa prepara a los estudiantes para est\u00e1ndares educativos exigentes y comparables a nivel global, brind\u00e1ndoles una base s\u00f3lida para continuar estudios superiores.\n<\/p>\n\n<p>\nEn el Colegio San Andr\u00e9s, los alumnos se preparan para rendir ex\u00e1menes IGCSE en materias como English, Mathematics, Biology, Arts, Literature, General Studies, ICT, Business, Child Development y Development Studies, lo que les permite desarrollar una formaci\u00f3n integral y explorar diferentes \u00e1reas de inter\u00e9s.\n<\/p>\n\n<p>\nEsta certificaci\u00f3n es valorada por universidades y sistemas educativos de todo el mundo, ya que acredita no solo el dominio acad\u00e9mico, sino tambi\u00e9n habilidades como la autonom\u00eda, la organizaci\u00f3n y la responsabilidad, preparando a los estudiantes para su futuro acad\u00e9mico y profesional.\n<\/p>\t\t\t\t\t\t\t\t<\/div>\n\t\t\t\t<\/div>\n\t\t\t\t<\/div>\n\t\t<div class=\"elementor-element elementor-element-20e2bc2b e-con-full e-flex e-con e-parent\" data-id=\"20e2bc2b\" data-element_type=\"container\" data-e-type=\"container\">\n\t\t<div class=\"elementor-element elementor-element-68f5b686 e-con-full e-flex e-con e-child\" data-id=\"68f5b686\" data-element_type=\"container\" data-e-type=\"container\">\n\t\t\t\t<div class=\"elementor-element elementor-element-7f81c50e elementor-widget elementor-widget-heading\" data-id=\"7f81c50e\" data-element_type=\"widget\" data-e-type=\"widget\" data-widget_type=\"heading.default\">\n\t\t\t\t\t<h2 class=\"elementor-heading-title elementor-size-default\">CAMBRIDGE ENGLISH<\/h2>\t\t\t\t<\/div>\n\t\t\t\t<div class=\"elementor-element elementor-element-27b80490 elementor-widget elementor-widget-text-editor\" data-id=\"27b80490\" data-element_type=\"widget\" data-e-type=\"widget\" data-widget_type=\"text-editor.default\">\n\t\t\t\t\t\t\t\t\t<p>Los ex\u00e1menes Cambridge forman parte de una propuesta acad\u00e9mica internacional que eval\u00faa y certifica el dominio del idioma ingl\u00e9s, acompa\u00f1ando a los estudiantes en su desarrollo ling\u00fc\u00edstico y prepar\u00e1ndolos para est\u00e1ndares educativos reconocidos a nivel mundial.<\/p>\t\t\t\t\t\t\t\t<\/div>\n\t\t\t\t<div class=\"elementor-element elementor-element-3986c76c elementor-icon-list--layout-traditional elementor-list-item-link-full_width elementor-widget elementor-widget-icon-list\" data-id=\"3986c76c\" data-element_type=\"widget\" data-e-type=\"widget\" data-widget_type=\"icon-list.default\">\n\t\t\t\t\t\t\t<ul class=\"elementor-icon-list-items\">\n\t\t\t\t\t\t\t<li class=\"elementor-icon-list-item\">\n\t\t\t\t\t\t\t\t\t\t<span class=\"elementor-icon-list-text\">PET (Preliminary English Test)<\/span>\n\t\t\t\t\t\t\t\t\t<\/li>\n\t\t\t\t\t\t\t\t<li class=\"elementor-icon-list-item\">\n\t\t\t\t\t\t\t\t\t\t<span class=\"elementor-icon-list-text\">KET (Key English Test)<\/span>\n\t\t\t\t\t\t\t\t\t<\/li>\n\t\t\t\t\t\t\t\t<li class=\"elementor-icon-list-item\">\n\t\t\t\t\t\t\t\t\t\t<span class=\"elementor-icon-list-text\">FCE (First Certificate in English)<\/span>\n\t\t\t\t\t\t\t\t\t<\/li>\n\t\t\t\t\t\t\t\t<li class=\"elementor-icon-list-item\">\n\t\t\t\t\t\t\t\t\t\t<span class=\"elementor-icon-list-text\">CAE (Certificate in Advanced English)<\/span>\n\t\t\t\t\t\t\t\t\t<\/li>\n\t\t\t\t\t\t\t\t<li class=\"elementor-icon-list-item\">\n\t\t\t\t\t\t\t\t\t\t<span class=\"elementor-icon-list-text\">CPE (Certificate of Proficiency in English)<\/span>\n\t\t\t\t\t\t\t\t\t<\/li>\n\t\t\t\t\t\t<\/ul>\n\t\t\t\t\t\t<\/div>\n\t\t\t\t<\/div>\n\t\t<div class=\"elementor-element elementor-element-2c531aff e-con-full e-flex e-con e-child\" data-id=\"2c531aff\" data-element_type=\"container\" data-e-type=\"container\">\n\t\t\t\t<div class=\"elementor-element elementor-element-214ca0ca elementor-widget elementor-widget-heading\" data-id=\"214ca0ca\" data-element_type=\"widget\" data-e-type=\"widget\" data-widget_type=\"heading.default\">\n\t\t\t\t\t<h2 class=\"elementor-heading-title elementor-size-default\">TRINITY COLLEGE<\/h2>\t\t\t\t<\/div>\n\t\t\t\t<div class=\"elementor-element elementor-element-71ed7b5e elementor-widget elementor-widget-text-editor\" data-id=\"71ed7b5e\" data-element_type=\"widget\" data-e-type=\"widget\" data-widget_type=\"text-editor.default\">\n\t\t\t\t\t\t\t\t\t<p>Los ex\u00e1menes Trinity College London ponen el foco en la comunicaci\u00f3n real y la expresi\u00f3n oral, evaluando el uso pr\u00e1ctico del idioma ingl\u00e9s a trav\u00e9s del di\u00e1logo, la escucha activa y el pensamiento cr\u00edtico, en un entorno acad\u00e9mico que fortalece la seguridad, la autonom\u00eda y la participaci\u00f3n activa de los estudiantes.<\/p>\t\t\t\t\t\t\t\t<\/div>\n\t\t\t\t<\/div>\n\t\t\t\t<\/div>\n\t\t\t\t<\/div>\n\t\t","protected":false},"excerpt":{"rendered":"<p>\u00bfPor qu\u00e9 son importantes estos ex\u00e1menes? Estos ex\u00e1menes internacionales no solo certifican el nivel acad\u00e9mico y de ingl\u00e9s de nuestros estudiantes, sino que tambi\u00e9n les abren puertas a universidades, becas y oportunidades en todo el mundo. Al rendirlos, nuestros alumnos aprenden a demostrar sus conocimientos en entornos evaluativos exigentes, desarrollan confianza en sus habilidades y [&hellip;]<\/p>\n","protected":false},"author":1,"featured_media":0,"parent":0,"menu_order":0,"comment_status":"closed","ping_status":"closed","template":"","meta":{"footnotes":""},"class_list":["post-558","page","type-page","status-publish","hentry"],"yoast_head":"<!-- This site is optimized with the Yoast SEO plugin v26.9 - https:\/\/yoast.com\/product\/yoast-seo-wordpress\/ -->\n<title>Ex\u00e1menes Internacionales - CSA<\/title>\n<meta name=\"robots\" content=\"index, follow, max-snippet:-1, max-image-preview:large, max-video-preview:-1\" \/>\n<link rel=\"canonical\" href=\"https:\/\/lacofi.com\/csa\/examenes-internacionales\/\" \/>\n<meta property=\"og:locale\" content=\"es_ES\" \/>\n<meta property=\"og:type\" content=\"article\" \/>\n<meta property=\"og:title\" content=\"Ex\u00e1menes Internacionales - CSA\" \/>\n<meta property=\"og:description\" content=\"\u00bfPor qu\u00e9 son importantes estos ex\u00e1menes? Estos ex\u00e1menes internacionales no solo certifican el nivel acad\u00e9mico y de ingl\u00e9s de nuestros estudiantes, sino que tambi\u00e9n les abren puertas a universidades, becas y oportunidades en todo el mundo. Al rendirlos, nuestros alumnos aprenden a demostrar sus conocimientos en entornos evaluativos exigentes, desarrollan confianza en sus habilidades y [&hellip;]\" \/>\n<meta property=\"og:url\" content=\"https:\/\/lacofi.com\/csa\/examenes-internacionales\/\" \/>\n<meta property=\"og:site_name\" content=\"CSA\" \/>\n<meta property=\"article:modified_time\" content=\"2026-02-09T03:16:51+00:00\" \/>\n<meta name=\"twitter:card\" content=\"summary_large_image\" \/>\n<meta name=\"twitter:label1\" content=\"Tiempo de lectura\" \/>\n\t<meta name=\"twitter:data1\" content=\"2 minutos\" \/>\n<script type=\"application\/ld+json\" class=\"yoast-schema-graph\">{\"@context\":\"https:\/\/schema.org\",\"@graph\":[{\"@type\":\"WebPage\",\"@id\":\"https:\/\/lacofi.com\/csa\/examenes-internacionales\/\",\"url\":\"https:\/\/lacofi.com\/csa\/examenes-internacionales\/\",\"name\":\"Ex\u00e1menes Internacionales - CSA\",\"isPartOf\":{\"@id\":\"https:\/\/lacofi.com\/csa\/#website\"},\"datePublished\":\"2026-02-09T02:51:48+00:00\",\"dateModified\":\"2026-02-09T03:16:51+00:00\",\"breadcrumb\":{\"@id\":\"https:\/\/lacofi.com\/csa\/examenes-internacionales\/#breadcrumb\"},\"inLanguage\":\"es\",\"potentialAction\":[{\"@type\":\"ReadAction\",\"target\":[\"https:\/\/lacofi.com\/csa\/examenes-internacionales\/\"]}]},{\"@type\":\"BreadcrumbList\",\"@id\":\"https:\/\/lacofi.com\/csa\/examenes-internacionales\/#breadcrumb\",\"itemListElement\":[{\"@type\":\"ListItem\",\"position\":1,\"name\":\"Portada\",\"item\":\"https:\/\/lacofi.com\/csa\/\"},{\"@type\":\"ListItem\",\"position\":2,\"name\":\"Ex\u00e1menes Internacionales\"}]},{\"@type\":\"WebSite\",\"@id\":\"https:\/\/lacofi.com\/csa\/#website\",\"url\":\"https:\/\/lacofi.com\/csa\/\",\"name\":\"CSA\",\"description\":\"Colegio San Andr\u00e9s\",\"potentialAction\":[{\"@type\":\"SearchAction\",\"target\":{\"@type\":\"EntryPoint\",\"urlTemplate\":\"https:\/\/lacofi.com\/csa\/?s={search_term_string}\"},\"query-input\":{\"@type\":\"PropertyValueSpecification\",\"valueRequired\":true,\"valueName\":\"search_term_string\"}}],\"inLanguage\":\"es\"}]}<\/script>\n<!-- \/ Yoast SEO plugin. -->","yoast_head_json":{"title":"Ex\u00e1menes Internacionales - CSA","robots":{"index":"index","follow":"follow","max-snippet":"max-snippet:-1","max-image-preview":"max-image-preview:large","max-video-preview":"max-video-preview:-1"},"canonical":"https:\/\/lacofi.com\/csa\/examenes-internacionales\/","og_locale":"es_ES","og_type":"article","og_title":"Ex\u00e1menes Internacionales - CSA","og_description":"\u00bfPor qu\u00e9 son importantes estos ex\u00e1menes? Estos ex\u00e1menes internacionales no solo certifican el nivel acad\u00e9mico y de ingl\u00e9s de nuestros estudiantes, sino que tambi\u00e9n les abren puertas a universidades, becas y oportunidades en todo el mundo. Al rendirlos, nuestros alumnos aprenden a demostrar sus conocimientos en entornos evaluativos exigentes, desarrollan confianza en sus habilidades y [&hellip;]","og_url":"https:\/\/lacofi.com\/csa\/examenes-internacionales\/","og_site_name":"CSA","article_modified_time":"2026-02-09T03:16:51+00:00","twitter_card":"summary_large_image","twitter_misc":{"Tiempo de lectura":"2 minutos"},"schema":{"@context":"https:\/\/schema.org","@graph":[{"@type":"WebPage","@id":"https:\/\/lacofi.com\/csa\/examenes-internacionales\/","url":"https:\/\/lacofi.com\/csa\/examenes-internacionales\/","name":"Ex\u00e1menes Internacionales - CSA","isPartOf":{"@id":"https:\/\/lacofi.com\/csa\/#website"},"datePublished":"2026-02-09T02:51:48+00:00","dateModified":"2026-02-09T03:16:51+00:00","breadcrumb":{"@id":"https:\/\/lacofi.com\/csa\/examenes-internacionales\/#breadcrumb"},"inLanguage":"es","potentialAction":[{"@type":"ReadAction","target":["https:\/\/lacofi.com\/csa\/examenes-internacionales\/"]}]},{"@type":"BreadcrumbList","@id":"https:\/\/lacofi.com\/csa\/examenes-internacionales\/#breadcrumb","itemListElement":[{"@type":"ListItem","position":1,"name":"Portada","item":"https:\/\/lacofi.com\/csa\/"},{"@type":"ListItem","position":2,"name":"Ex\u00e1menes Internacionales"}]},{"@type":"WebSite","@id":"https:\/\/lacofi.com\/csa\/#website","url":"https:\/\/lacofi.com\/csa\/","name":"CSA","description":"Colegio San Andr\u00e9s","potentialAction":[{"@type":"SearchAction","target":{"@type":"EntryPoint","urlTemplate":"https:\/\/lacofi.com\/csa\/?s={search_term_string}"},"query-input":{"@type":"PropertyValueSpecification","valueRequired":true,"valueName":"search_term_string"}}],"inLanguage":"es"}]}},"_links":{"self":[{"href":"https:\/\/lacofi.com\/csa\/wp-json\/wp\/v2\/pages\/558","targetHints":{"allow":["GET"]}}],"collection":[{"href":"https:\/\/lacofi.com\/csa\/wp-json\/wp\/v2\/pages"}],"about":[{"href":"https:\/\/lacofi.com\/csa\/wp-json\/wp\/v2\/types\/page"}],"author":[{"embeddable":true,"href":"https:\/\/lacofi.com\/csa\/wp-json\/wp\/v2\/users\/1"}],"replies":[{"embeddable":true,"href":"https:\/\/lacofi.com\/csa\/wp-json\/wp\/v2\/comments?post=558"}],"version-history":[{"count":31,"href":"https:\/\/lacofi.com\/csa\/wp-json\/wp\/v2\/pages\/558\/revisions"}],"predecessor-version":[{"id":594,"href":"https:\/\/lacofi.com\/csa\/wp-json\/wp\/v2\/pages\/558\/revisions\/594"}],"wp:attachment":[{"href":"https:\/\/lacofi.com\/csa\/wp-json\/wp\/v2\/media?parent=558"}],"curies":[{"name":"wp","href":"https:\/\/api.w.org\/{rel}","templated":true}]}}