{"id":251,"date":"2026-02-08T03:59:51","date_gmt":"2026-02-08T02:59:51","guid":{"rendered":"https:\/\/lacofi.com\/iglesia-anglicana\/?page_id=251"},"modified":"2026-02-08T04:09:54","modified_gmt":"2026-02-08T03:09:54","slug":"identidad-anglicana","status":"publish","type":"page","link":"https:\/\/lacofi.com\/iglesia-anglicana\/identidad-anglicana\/","title":{"rendered":"identidad anglicana"},"content":{"rendered":"\t\t<div data-elementor-type=\"wp-page\" data-elementor-id=\"251\" class=\"elementor elementor-251\" data-elementor-post-type=\"page\">\n\t\t\t\t<div class=\"elementor-element elementor-element-b8b0dc0 e-con-full e-flex e-con e-parent\" data-id=\"b8b0dc0\" data-element_type=\"container\" data-e-type=\"container\" data-settings=\"{&quot;background_background&quot;:&quot;classic&quot;}\">\n\t\t\t\t<div class=\"elementor-element elementor-element-6ae1271a elementor-widget elementor-widget-heading\" data-id=\"6ae1271a\" data-element_type=\"widget\" data-e-type=\"widget\" data-widget_type=\"heading.default\">\n\t\t\t\t\t<h2 class=\"elementor-heading-title elementor-size-default\">\u00bfPor qu\u00e9 son importantes estos ex\u00e1menes?<\/h2>\t\t\t\t<\/div>\n\t\t<div class=\"elementor-element elementor-element-62a1fb99 e-con-full e-flex e-con e-child\" data-id=\"62a1fb99\" data-element_type=\"container\" data-e-type=\"container\">\n\t\t<div class=\"elementor-element elementor-element-5987859c e-con-full e-flex e-con e-child\" data-id=\"5987859c\" data-element_type=\"container\" data-e-type=\"container\">\n\t\t\t\t<div class=\"elementor-element elementor-element-10835b57 elementor-widget elementor-widget-text-editor\" data-id=\"10835b57\" data-element_type=\"widget\" data-e-type=\"widget\" data-widget_type=\"text-editor.default\">\n\t\t\t\t\t\t\t\t\t<p>Estos ex\u00e1menes internacionales no solo certifican el nivel acad\u00e9mico y de ingl\u00e9s de nuestros estudiantes, sino que tambi\u00e9n les abren puertas a universidades, becas y oportunidades en todo el mundo. Al rendirlos, nuestros alumnos aprenden a demostrar sus conocimientos en entornos evaluativos exigentes, desarrollan confianza en sus habilidades y se preparan para los desaf\u00edos de su futuro acad\u00e9mico y profesional.<\/p><p>Lorem ipsum dolor sit amet, consectetur adipiscing elit, sed do eiusmod tempor incididunt ut labore et dolore magna aliqua. Ut enim ad minim veniam, quis nostrud exercitation ullamco laboris nisi ut aliquip ex ea commodo consequat.<\/p>\t\t\t\t\t\t\t\t<\/div>\n\t\t\t\t<\/div>\n\t\t<div class=\"elementor-element elementor-element-336a69d8 e-con-full e-flex e-con e-child\" data-id=\"336a69d8\" data-element_type=\"container\" data-e-type=\"container\">\n\t\t\t\t<\/div>\n\t\t\t\t<\/div>\n\t\t\t\t<\/div>\n\t\t<div class=\"elementor-element elementor-element-7deb2a7e e-con-full e-flex e-con e-parent\" data-id=\"7deb2a7e\" data-element_type=\"container\" data-e-type=\"container\">\n\t\t<div class=\"elementor-element elementor-element-713f4042 e-con-full e-flex e-con e-child\" data-id=\"713f4042\" data-element_type=\"container\" data-e-type=\"container\">\n\t\t\t\t<div class=\"elementor-element elementor-element-2a9f492f elementor-widget elementor-widget-heading\" data-id=\"2a9f492f\" data-element_type=\"widget\" data-e-type=\"widget\" data-widget_type=\"heading.default\">\n\t\t\t\t\t<h2 class=\"elementor-heading-title elementor-size-default\">IGCSE<\/h2>\t\t\t\t<\/div>\n\t\t\t\t<div class=\"elementor-element elementor-element-5f520095 elementor-widget elementor-widget-heading\" data-id=\"5f520095\" data-element_type=\"widget\" data-e-type=\"widget\" data-widget_type=\"heading.default\">\n\t\t\t\t\t<h2 class=\"elementor-heading-title elementor-size-default\">\u201cNuestro\nEscudolorem ipsum dolor sit\nLorem ipsum dolor sit amet,\nconsectetuer adipiscing elit, sed\ndiam nonummy nibh euismod \u201d<\/h2>\t\t\t\t<\/div>\n\t\t\t\t<\/div>\n\t\t<div class=\"elementor-element elementor-element-3e548949 e-con-full e-flex e-con e-child\" data-id=\"3e548949\" data-element_type=\"container\" data-e-type=\"container\">\n\t\t\t\t<div class=\"elementor-element elementor-element-2c7fd4f0 elementor-widget elementor-widget-text-editor\" data-id=\"2c7fd4f0\" data-element_type=\"widget\" data-e-type=\"widget\" data-widget_type=\"text-editor.default\">\n\t\t\t\t\t\t\t\t\t<p class=\"p1\">El Colegio San Andr\u00e9s fue fundado por la iglesia anglicana en el a\u00f1o 1963 dentro de sus fines, y reconocido por el Ministerio de Educaci\u00f3n y Culto en 1967, por Resoluci\u00f3n N\u00ba 44828\/1967. A lo largo de sus a\u00f1os de historia, el colegio ha proporcionado una educaci\u00f3n cristiana integral y biling\u00fce (castellano \u2013 Ingl\u00e9s) a alumnos desde la guarder\u00eda hasta el 3\u00ba curso de la Educaci\u00f3n Media. Muchos de nuestros ex alumnos, hoy son profesionales exitosos que dejan en alto la calidad acad\u00e9mica de nuestra instituci\u00f3n; en la cual estos protagonistas de la sociedad se formaron en su ni\u00f1ez, adolescencia y hasta los umbrales de la juventud. As\u00ed mismo, muchos de ellos son padres de familia, cuyos hijos ahora tambi\u00e9n estudian en nuestras aulas; dando as\u00ed una muestra cabal de la calidad y calidez con que fueron instruidos.Lorem ipsum dolor sit amet, consectetuer adipiscing elit, sed diam nonummy nibh euismod tincidunt ut laoreet dolore magna aliquam erat volutpat. Ut wisi enim ad minim veniam, quis nostrud exerci tation ullamcorper suscipit lobortis nisl ut aliquip ex ea commodo consequat. Duis autem vel eum iriure dolor in hendrerit in vulputate velit esse molestie consequat, vel illum dolore eu feugiat nulla facilisis at vero eros et accumsan et iusto odio dignissim qui blandit praesent luptatum zzril delenit augue duis dolore te feugait nulla facilisi.<\/p>\t\t\t\t\t\t\t\t<\/div>\n\t\t\t\t<\/div>\n\t\t\t\t<\/div>\n\t\t<div class=\"elementor-element elementor-element-7c6a0266 e-con-full e-flex e-con e-parent\" data-id=\"7c6a0266\" data-element_type=\"container\" data-e-type=\"container\">\n\t\t<div class=\"elementor-element elementor-element-781c6722 e-con-full e-flex e-con e-child\" data-id=\"781c6722\" data-element_type=\"container\" data-e-type=\"container\">\n\t\t\t\t<div class=\"elementor-element elementor-element-7d8fc5e6 elementor-widget elementor-widget-heading\" data-id=\"7d8fc5e6\" data-element_type=\"widget\" data-e-type=\"widget\" data-widget_type=\"heading.default\">\n\t\t\t\t\t<h2 class=\"elementor-heading-title elementor-size-default\">CAMBRIDGE ENGLISH<\/h2>\t\t\t\t<\/div>\n\t\t\t\t<div class=\"elementor-element elementor-element-59e14e54 elementor-widget elementor-widget-text-editor\" data-id=\"59e14e54\" data-element_type=\"widget\" data-e-type=\"widget\" data-widget_type=\"text-editor.default\">\n\t\t\t\t\t\t\t\t\t<p class=\"p1\">Lorem ipsum dolor sit amet, consectetuer adipiscing elit, sed diam nonummy Lorem ipsum dolor sit amet, consectetuer adipiscing elit, sed diam.<\/p>\t\t\t\t\t\t\t\t<\/div>\n\t\t\t\t<div class=\"elementor-element elementor-element-7ecc6147 elementor-icon-list--layout-traditional elementor-list-item-link-full_width elementor-widget elementor-widget-icon-list\" data-id=\"7ecc6147\" data-element_type=\"widget\" data-e-type=\"widget\" data-widget_type=\"icon-list.default\">\n\t\t\t\t\t\t\t<ul class=\"elementor-icon-list-items\">\n\t\t\t\t\t\t\t<li class=\"elementor-icon-list-item\">\n\t\t\t\t\t\t\t\t\t\t<span class=\"elementor-icon-list-text\">PET (NOMBRE LARGO)<\/span>\n\t\t\t\t\t\t\t\t\t<\/li>\n\t\t\t\t\t\t\t\t<li class=\"elementor-icon-list-item\">\n\t\t\t\t\t\t\t\t\t\t<span class=\"elementor-icon-list-text\">KET (NOMBRE LARGO)<\/span>\n\t\t\t\t\t\t\t\t\t<\/li>\n\t\t\t\t\t\t\t\t<li class=\"elementor-icon-list-item\">\n\t\t\t\t\t\t\t\t\t\t<span class=\"elementor-icon-list-text\">FIRS (NOMBRE LARGO)<\/span>\n\t\t\t\t\t\t\t\t\t<\/li>\n\t\t\t\t\t\t\t\t<li class=\"elementor-icon-list-item\">\n\t\t\t\t\t\t\t\t\t\t<span class=\"elementor-icon-list-text\">CAE (NOMBRE LARGO)<\/span>\n\t\t\t\t\t\t\t\t\t<\/li>\n\t\t\t\t\t\t\t\t<li class=\"elementor-icon-list-item\">\n\t\t\t\t\t\t\t\t\t\t<span class=\"elementor-icon-list-text\">CPE (NOMBRE LARGO)<\/span>\n\t\t\t\t\t\t\t\t\t<\/li>\n\t\t\t\t\t\t<\/ul>\n\t\t\t\t\t\t<\/div>\n\t\t\t\t<\/div>\n\t\t<div class=\"elementor-element elementor-element-440e8831 e-con-full e-flex e-con e-child\" data-id=\"440e8831\" data-element_type=\"container\" data-e-type=\"container\">\n\t\t\t\t<div class=\"elementor-element elementor-element-796a164e elementor-widget elementor-widget-heading\" data-id=\"796a164e\" data-element_type=\"widget\" data-e-type=\"widget\" data-widget_type=\"heading.default\">\n\t\t\t\t\t<h2 class=\"elementor-heading-title elementor-size-default\">TRINITY COLLEGE<\/h2>\t\t\t\t<\/div>\n\t\t\t\t<div class=\"elementor-element elementor-element-2b30b2f7 elementor-widget elementor-widget-text-editor\" data-id=\"2b30b2f7\" data-element_type=\"widget\" data-e-type=\"widget\" data-widget_type=\"text-editor.default\">\n\t\t\t\t\t\t\t\t\t<p class=\"p1\">Lorem ipsum dolor sit amet, consectetuer adipiscing elit, sed diam nonummy Lorem ipsum dolor sit amet, consectetuer adipiscing elit, sed diam.<\/p>\t\t\t\t\t\t\t\t<\/div>\n\t\t\t\t<div class=\"elementor-element elementor-element-5150c568 elementor-icon-list--layout-traditional elementor-list-item-link-full_width elementor-widget elementor-widget-icon-list\" data-id=\"5150c568\" data-element_type=\"widget\" data-e-type=\"widget\" data-widget_type=\"icon-list.default\">\n\t\t\t\t\t\t\t<ul class=\"elementor-icon-list-items\">\n\t\t\t\t\t\t\t<li class=\"elementor-icon-list-item\">\n\t\t\t\t\t\t\t\t\t\t<span class=\"elementor-icon-list-text\">PET (NOMBRE LARGO)<\/span>\n\t\t\t\t\t\t\t\t\t<\/li>\n\t\t\t\t\t\t\t\t<li class=\"elementor-icon-list-item\">\n\t\t\t\t\t\t\t\t\t\t<span class=\"elementor-icon-list-text\">KET (NOMBRE LARGO)<\/span>\n\t\t\t\t\t\t\t\t\t<\/li>\n\t\t\t\t\t\t\t\t<li class=\"elementor-icon-list-item\">\n\t\t\t\t\t\t\t\t\t\t<span class=\"elementor-icon-list-text\">FIRS (NOMBRE LARGO)<\/span>\n\t\t\t\t\t\t\t\t\t<\/li>\n\t\t\t\t\t\t\t\t<li class=\"elementor-icon-list-item\">\n\t\t\t\t\t\t\t\t\t\t<span class=\"elementor-icon-list-text\">CAE (NOMBRE LARGO)<\/span>\n\t\t\t\t\t\t\t\t\t<\/li>\n\t\t\t\t\t\t\t\t<li class=\"elementor-icon-list-item\">\n\t\t\t\t\t\t\t\t\t\t<span class=\"elementor-icon-list-text\">CPE (NOMBRE LARGO)<\/span>\n\t\t\t\t\t\t\t\t\t<\/li>\n\t\t\t\t\t\t<\/ul>\n\t\t\t\t\t\t<\/div>\n\t\t\t\t<\/div>\n\t\t\t\t<\/div>\n\t\t\t\t<\/div>\n\t\t","protected":false},"excerpt":{"rendered":"<p>\u00bfPor qu\u00e9 son importantes estos ex\u00e1menes? Estos ex\u00e1menes internacionales no solo certifican el nivel acad\u00e9mico y de ingl\u00e9s de nuestros estudiantes, sino que tambi\u00e9n les abren puertas a universidades, becas y oportunidades en todo el mundo. Al rendirlos, nuestros alumnos aprenden a demostrar sus conocimientos en entornos evaluativos exigentes, desarrollan confianza en sus habilidades y [&hellip;]<\/p>\n","protected":false},"author":1,"featured_media":0,"parent":0,"menu_order":0,"comment_status":"closed","ping_status":"closed","template":"","meta":{"footnotes":""},"class_list":["post-251","page","type-page","status-publish","hentry"],"yoast_head":"<!-- This site is optimized with the Yoast SEO plugin v26.9 - https:\/\/yoast.com\/product\/yoast-seo-wordpress\/ -->\n<title>identidad anglicana - Iglesia Anglicana<\/title>\n<meta name=\"robots\" content=\"index, follow, max-snippet:-1, max-image-preview:large, max-video-preview:-1\" \/>\n<link rel=\"canonical\" href=\"https:\/\/lacofi.com\/iglesia-anglicana\/identidad-anglicana\/\" \/>\n<meta property=\"og:locale\" content=\"es_ES\" \/>\n<meta property=\"og:type\" content=\"article\" \/>\n<meta property=\"og:title\" content=\"identidad anglicana - Iglesia Anglicana\" \/>\n<meta property=\"og:description\" content=\"\u00bfPor qu\u00e9 son importantes estos ex\u00e1menes? Estos ex\u00e1menes internacionales no solo certifican el nivel acad\u00e9mico y de ingl\u00e9s de nuestros estudiantes, sino que tambi\u00e9n les abren puertas a universidades, becas y oportunidades en todo el mundo. Al rendirlos, nuestros alumnos aprenden a demostrar sus conocimientos en entornos evaluativos exigentes, desarrollan confianza en sus habilidades y [&hellip;]\" \/>\n<meta property=\"og:url\" content=\"https:\/\/lacofi.com\/iglesia-anglicana\/identidad-anglicana\/\" \/>\n<meta property=\"og:site_name\" content=\"Iglesia Anglicana\" \/>\n<meta property=\"article:modified_time\" content=\"2026-02-08T03:09:54+00:00\" \/>\n<meta name=\"twitter:card\" content=\"summary_large_image\" \/>\n<meta name=\"twitter:label1\" content=\"Tiempo de lectura\" \/>\n\t<meta name=\"twitter:data1\" content=\"2 minutos\" \/>\n<script type=\"application\/ld+json\" class=\"yoast-schema-graph\">{\"@context\":\"https:\/\/schema.org\",\"@graph\":[{\"@type\":\"WebPage\",\"@id\":\"https:\/\/lacofi.com\/iglesia-anglicana\/identidad-anglicana\/\",\"url\":\"https:\/\/lacofi.com\/iglesia-anglicana\/identidad-anglicana\/\",\"name\":\"identidad anglicana - Iglesia Anglicana\",\"isPartOf\":{\"@id\":\"https:\/\/lacofi.com\/iglesia-anglicana\/#website\"},\"datePublished\":\"2026-02-08T02:59:51+00:00\",\"dateModified\":\"2026-02-08T03:09:54+00:00\",\"breadcrumb\":{\"@id\":\"https:\/\/lacofi.com\/iglesia-anglicana\/identidad-anglicana\/#breadcrumb\"},\"inLanguage\":\"es\",\"potentialAction\":[{\"@type\":\"ReadAction\",\"target\":[\"https:\/\/lacofi.com\/iglesia-anglicana\/identidad-anglicana\/\"]}]},{\"@type\":\"BreadcrumbList\",\"@id\":\"https:\/\/lacofi.com\/iglesia-anglicana\/identidad-anglicana\/#breadcrumb\",\"itemListElement\":[{\"@type\":\"ListItem\",\"position\":1,\"name\":\"Portada\",\"item\":\"https:\/\/lacofi.com\/iglesia-anglicana\/\"},{\"@type\":\"ListItem\",\"position\":2,\"name\":\"identidad anglicana\"}]},{\"@type\":\"WebSite\",\"@id\":\"https:\/\/lacofi.com\/iglesia-anglicana\/#website\",\"url\":\"https:\/\/lacofi.com\/iglesia-anglicana\/\",\"name\":\"Iglesia Anglicana\",\"description\":\"\",\"potentialAction\":[{\"@type\":\"SearchAction\",\"target\":{\"@type\":\"EntryPoint\",\"urlTemplate\":\"https:\/\/lacofi.com\/iglesia-anglicana\/?s={search_term_string}\"},\"query-input\":{\"@type\":\"PropertyValueSpecification\",\"valueRequired\":true,\"valueName\":\"search_term_string\"}}],\"inLanguage\":\"es\"}]}<\/script>\n<!-- \/ Yoast SEO plugin. -->","yoast_head_json":{"title":"identidad anglicana - Iglesia Anglicana","robots":{"index":"index","follow":"follow","max-snippet":"max-snippet:-1","max-image-preview":"max-image-preview:large","max-video-preview":"max-video-preview:-1"},"canonical":"https:\/\/lacofi.com\/iglesia-anglicana\/identidad-anglicana\/","og_locale":"es_ES","og_type":"article","og_title":"identidad anglicana - Iglesia Anglicana","og_description":"\u00bfPor qu\u00e9 son importantes estos ex\u00e1menes? Estos ex\u00e1menes internacionales no solo certifican el nivel acad\u00e9mico y de ingl\u00e9s de nuestros estudiantes, sino que tambi\u00e9n les abren puertas a universidades, becas y oportunidades en todo el mundo. Al rendirlos, nuestros alumnos aprenden a demostrar sus conocimientos en entornos evaluativos exigentes, desarrollan confianza en sus habilidades y [&hellip;]","og_url":"https:\/\/lacofi.com\/iglesia-anglicana\/identidad-anglicana\/","og_site_name":"Iglesia Anglicana","article_modified_time":"2026-02-08T03:09:54+00:00","twitter_card":"summary_large_image","twitter_misc":{"Tiempo de lectura":"2 minutos"},"schema":{"@context":"https:\/\/schema.org","@graph":[{"@type":"WebPage","@id":"https:\/\/lacofi.com\/iglesia-anglicana\/identidad-anglicana\/","url":"https:\/\/lacofi.com\/iglesia-anglicana\/identidad-anglicana\/","name":"identidad anglicana - Iglesia Anglicana","isPartOf":{"@id":"https:\/\/lacofi.com\/iglesia-anglicana\/#website"},"datePublished":"2026-02-08T02:59:51+00:00","dateModified":"2026-02-08T03:09:54+00:00","breadcrumb":{"@id":"https:\/\/lacofi.com\/iglesia-anglicana\/identidad-anglicana\/#breadcrumb"},"inLanguage":"es","potentialAction":[{"@type":"ReadAction","target":["https:\/\/lacofi.com\/iglesia-anglicana\/identidad-anglicana\/"]}]},{"@type":"BreadcrumbList","@id":"https:\/\/lacofi.com\/iglesia-anglicana\/identidad-anglicana\/#breadcrumb","itemListElement":[{"@type":"ListItem","position":1,"name":"Portada","item":"https:\/\/lacofi.com\/iglesia-anglicana\/"},{"@type":"ListItem","position":2,"name":"identidad anglicana"}]},{"@type":"WebSite","@id":"https:\/\/lacofi.com\/iglesia-anglicana\/#website","url":"https:\/\/lacofi.com\/iglesia-anglicana\/","name":"Iglesia Anglicana","description":"","potentialAction":[{"@type":"SearchAction","target":{"@type":"EntryPoint","urlTemplate":"https:\/\/lacofi.com\/iglesia-anglicana\/?s={search_term_string}"},"query-input":{"@type":"PropertyValueSpecification","valueRequired":true,"valueName":"search_term_string"}}],"inLanguage":"es"}]}},"_links":{"self":[{"href":"https:\/\/lacofi.com\/iglesia-anglicana\/wp-json\/wp\/v2\/pages\/251","targetHints":{"allow":["GET"]}}],"collection":[{"href":"https:\/\/lacofi.com\/iglesia-anglicana\/wp-json\/wp\/v2\/pages"}],"about":[{"href":"https:\/\/lacofi.com\/iglesia-anglicana\/wp-json\/wp\/v2\/types\/page"}],"author":[{"embeddable":true,"href":"https:\/\/lacofi.com\/iglesia-anglicana\/wp-json\/wp\/v2\/users\/1"}],"replies":[{"embeddable":true,"href":"https:\/\/lacofi.com\/iglesia-anglicana\/wp-json\/wp\/v2\/comments?post=251"}],"version-history":[{"count":7,"href":"https:\/\/lacofi.com\/iglesia-anglicana\/wp-json\/wp\/v2\/pages\/251\/revisions"}],"predecessor-version":[{"id":259,"href":"https:\/\/lacofi.com\/iglesia-anglicana\/wp-json\/wp\/v2\/pages\/251\/revisions\/259"}],"wp:attachment":[{"href":"https:\/\/lacofi.com\/iglesia-anglicana\/wp-json\/wp\/v2\/media?parent=251"}],"curies":[{"name":"wp","href":"https:\/\/api.w.org\/{rel}","templated":true}]}}