{"id":260,"date":"2026-02-08T04:15:58","date_gmt":"2026-02-08T03:15:58","guid":{"rendered":"https:\/\/lacofi.com\/iglesia-anglicana\/?page_id=260"},"modified":"2026-02-08T04:39:20","modified_gmt":"2026-02-08T03:39:20","slug":"diocesis-y-miembros","status":"publish","type":"page","link":"https:\/\/lacofi.com\/iglesia-anglicana\/diocesis-y-miembros\/","title":{"rendered":"Di\u00f3cesis y Miembros"},"content":{"rendered":"\t\t<div data-elementor-type=\"wp-page\" data-elementor-id=\"260\" class=\"elementor elementor-260\" data-elementor-post-type=\"page\">\n\t\t\t\t<div class=\"elementor-element elementor-element-34165e41 e-con-full e-flex e-con e-parent\" data-id=\"34165e41\" data-element_type=\"container\" data-e-type=\"container\">\n\t\t<div class=\"elementor-element elementor-element-6c4aa6fe e-flex e-con-boxed e-con e-child\" data-id=\"6c4aa6fe\" data-element_type=\"container\" data-e-type=\"container\">\n\t\t\t\t\t<div class=\"e-con-inner\">\n\t\t\t\t<div class=\"elementor-element elementor-element-20340740 elementor-widget elementor-widget-heading\" data-id=\"20340740\" data-element_type=\"widget\" data-e-type=\"widget\" data-widget_type=\"heading.default\">\n\t\t\t\t\t<h2 class=\"elementor-heading-title elementor-size-default\">Administraci\u00f3n Diocesana<\/h2>\t\t\t\t<\/div>\n\t\t\t\t<div class=\"elementor-element elementor-element-1a9e7b52 elementor-widget elementor-widget-text-editor\" data-id=\"1a9e7b52\" data-element_type=\"widget\" data-e-type=\"widget\" data-widget_type=\"text-editor.default\">\n\t\t\t\t\t\t\t\t\t<p>La vida y misi\u00f3n de la Iglesia a nivel <strong>diocesano<\/strong> se sostiene en una organizaci\u00f3n <strong>ordenada, participativa y responsable<\/strong>, orientada al <strong>servicio del pueblo de Dios<\/strong>. Cada <strong>di\u00f3cesis<\/strong> tiene la facultad de definir su propia <strong>estructura administrativa<\/strong>, procurando que el <strong>gobierno eclesial<\/strong> se ejerza de manera <strong>representativa, transparente y en comuni\u00f3n<\/strong>. En este sentido, la <strong>Asamblea General<\/strong>, integrada por <strong>miembros elegidos<\/strong> que representan a las distintas <strong>congregaciones y regiones<\/strong> del pa\u00eds, constituye el principal espacio de <strong>discernimiento<\/strong> y <strong>toma de decisiones<\/strong>.<\/p><p>La organizaci\u00f3n diocesana puede estructurarse en <strong>regiones<\/strong> con un alto nivel de <strong>autonom\u00eda<\/strong>, expresado a trav\u00e9s de <strong>Conferencias o Comit\u00e9s Regionales<\/strong>, favoreciendo una administraci\u00f3n cercana a la <strong>realidad de cada comunidad<\/strong>. Asimismo, cada <strong>congregaci\u00f3n<\/strong> asume la responsabilidad de su vida institucional mediante su <strong>Concilio<\/strong>, encargado de resguardar el <strong>orden<\/strong>, la <strong>administraci\u00f3n<\/strong> y los <strong>registros<\/strong> necesarios para el buen funcionamiento de la Iglesia.<\/p><p>El <strong>Reglamento del Gobierno Diocesano<\/strong> re\u00fane los <strong>principios, funciones y responsabilidades<\/strong> que orientan esta estructura, promoviendo una gesti\u00f3n <strong>clara<\/strong>, <strong>corresponsable<\/strong> y fiel a la <strong>misi\u00f3n de la Iglesia<\/strong>. Te invitamos a <strong>descargar este documento<\/strong> para conocer en profundidad la <strong>organizaci\u00f3n<\/strong>, los <strong>procesos<\/strong> y los <strong>lineamientos<\/strong> que rigen la <strong>vida diocesana<\/strong>.<\/p>\t\t\t\t\t\t\t\t<\/div>\n\t\t\t\t<div class=\"elementor-element elementor-element-dd68788 elementor-icon-list--layout-traditional elementor-list-item-link-full_width elementor-widget elementor-widget-icon-list\" data-id=\"dd68788\" data-element_type=\"widget\" data-e-type=\"widget\" data-widget_type=\"icon-list.default\">\n\t\t\t\t\t\t\t<ul class=\"elementor-icon-list-items\">\n\t\t\t\t\t\t\t<li class=\"elementor-icon-list-item\">\n\t\t\t\t\t\t\t\t\t\t\t<a href=\"#\">\n\n\t\t\t\t\t\t\t\t\t\t\t\t<span class=\"elementor-icon-list-icon\">\n\t\t\t\t\t\t\t<svg aria-hidden=\"true\" class=\"e-font-icon-svg e-far-arrow-alt-circle-down\" viewBox=\"0 0 512 512\" xmlns=\"http:\/\/www.w3.org\/2000\/svg\"><path d=\"M256 8C119 8 8 119 8 256s111 248 248 248 248-111 248-248S393 8 256 8zm0 448c-110.5 0-200-89.5-200-200S145.5 56 256 56s200 89.5 200 200-89.5 200-200 200zm-32-316v116h-67c-10.7 0-16 12.9-8.5 20.5l99 99c4.7 4.7 12.3 4.7 17 0l99-99c7.6-7.6 2.2-20.5-8.5-20.5h-67V140c0-6.6-5.4-12-12-12h-40c-6.6 0-12 5.4-12 12z\"><\/path><\/svg>\t\t\t\t\t\t<\/span>\n\t\t\t\t\t\t\t\t\t\t<span class=\"elementor-icon-list-text\">Descargar archivo<\/span>\n\t\t\t\t\t\t\t\t\t\t\t<\/a>\n\t\t\t\t\t\t\t\t\t<\/li>\n\t\t\t\t\t\t<\/ul>\n\t\t\t\t\t\t<\/div>\n\t\t\t\t\t<\/div>\n\t\t\t\t<\/div>\n\t\t<div class=\"elementor-element elementor-element-7e3b8f24 e-flex e-con-boxed e-con e-child\" data-id=\"7e3b8f24\" data-element_type=\"container\" data-e-type=\"container\">\n\t\t\t\t\t<div class=\"e-con-inner\">\n\t\t\t\t<div class=\"elementor-element elementor-element-7c349ef4 elementor-widget elementor-widget-heading\" data-id=\"7c349ef4\" data-element_type=\"widget\" data-e-type=\"widget\" data-widget_type=\"heading.default\">\n\t\t\t\t\t<h2 class=\"elementor-heading-title elementor-size-default\">Miembros<\/h2>\t\t\t\t<\/div>\n\t\t\t\t<div class=\"elementor-element elementor-element-5f1aabc2 elementor-widget elementor-widget-text-editor\" data-id=\"5f1aabc2\" data-element_type=\"widget\" data-e-type=\"widget\" data-widget_type=\"text-editor.default\">\n\t\t\t\t\t\t\t\t\tLa vida de la Iglesia se construye a partir del <strong>compromiso personal y comunitario<\/strong> de cada uno de sus <strong>miembros<\/strong>. Ser parte de la Iglesia implica vivir la <strong>fe de manera consciente y responsable<\/strong>, buscando cumplir el <strong>prop\u00f3sito de Dios<\/strong> tanto en la <strong>vida personal<\/strong> como en la vida compartida como <strong>cuerpo de Cristo<\/strong>. A lo largo de la historia, los grandes l\u00edderes de la Iglesia han afirmado que el fin principal del ser humano es <strong>glorificar a Dios y gozar de \u00c9l para siempre<\/strong>, y que la <strong>obediencia<\/strong> y la <strong>fidelidad<\/strong> son elementos centrales de ese llamado.\n<br><br>\nEl <strong>Reglamento de Miembros<\/strong> re\u00fane <strong>principios, responsabilidades y orientaciones<\/strong> que acompa\u00f1an este <strong>camino de fe<\/strong>, abordando aspectos como el <strong>compromiso cristiano<\/strong>, el <strong>bautismo<\/strong>, la <strong>confirmaci\u00f3n p\u00fablica<\/strong> de las promesas hechas al Se\u00f1or y la <strong>participaci\u00f3n activa<\/strong> en la <strong>vida de la iglesia local<\/strong>. Este documento busca ofrecer un <strong>marco claro<\/strong> que ayude a vivir una <strong>fe informada, madura y coherente<\/strong>, tanto en lo personal como en lo comunitario. Te invitamos a <strong>descargar el reglamento<\/strong> para conocer en profundidad estos <strong>lineamientos<\/strong> y fortalecer tu <strong>caminar dentro de la Iglesia<\/strong>.\t\t\t\t\t\t\t\t<\/div>\n\t\t\t\t<div class=\"elementor-element elementor-element-345ce533 elementor-icon-list--layout-traditional elementor-list-item-link-full_width elementor-widget elementor-widget-icon-list\" data-id=\"345ce533\" data-element_type=\"widget\" data-e-type=\"widget\" data-widget_type=\"icon-list.default\">\n\t\t\t\t\t\t\t<ul class=\"elementor-icon-list-items\">\n\t\t\t\t\t\t\t<li class=\"elementor-icon-list-item\">\n\t\t\t\t\t\t\t\t\t\t\t<a href=\"#\">\n\n\t\t\t\t\t\t\t\t\t\t\t\t<span class=\"elementor-icon-list-icon\">\n\t\t\t\t\t\t\t<svg aria-hidden=\"true\" class=\"e-font-icon-svg e-far-arrow-alt-circle-down\" viewBox=\"0 0 512 512\" xmlns=\"http:\/\/www.w3.org\/2000\/svg\"><path d=\"M256 8C119 8 8 119 8 256s111 248 248 248 248-111 248-248S393 8 256 8zm0 448c-110.5 0-200-89.5-200-200S145.5 56 256 56s200 89.5 200 200-89.5 200-200 200zm-32-316v116h-67c-10.7 0-16 12.9-8.5 20.5l99 99c4.7 4.7 12.3 4.7 17 0l99-99c7.6-7.6 2.2-20.5-8.5-20.5h-67V140c0-6.6-5.4-12-12-12h-40c-6.6 0-12 5.4-12 12z\"><\/path><\/svg>\t\t\t\t\t\t<\/span>\n\t\t\t\t\t\t\t\t\t\t<span class=\"elementor-icon-list-text\">Descargar archivo<\/span>\n\t\t\t\t\t\t\t\t\t\t\t<\/a>\n\t\t\t\t\t\t\t\t\t<\/li>\n\t\t\t\t\t\t<\/ul>\n\t\t\t\t\t\t<\/div>\n\t\t\t\t\t<\/div>\n\t\t\t\t<\/div>\n\t\t\t\t<\/div>\n\t\t\t\t<\/div>\n\t\t","protected":false},"excerpt":{"rendered":"<p>Administraci\u00f3n Diocesana La vida y misi\u00f3n de la Iglesia a nivel diocesano se sostiene en una organizaci\u00f3n ordenada, participativa y responsable, orientada al servicio del pueblo de Dios. Cada di\u00f3cesis tiene la facultad de definir su propia estructura administrativa, procurando que el gobierno eclesial se ejerza de manera representativa, transparente y en comuni\u00f3n. En este [&hellip;]<\/p>\n","protected":false},"author":1,"featured_media":0,"parent":0,"menu_order":0,"comment_status":"closed","ping_status":"closed","template":"","meta":{"footnotes":""},"class_list":["post-260","page","type-page","status-publish","hentry"],"yoast_head":"<!-- This site is optimized with the Yoast SEO plugin v26.9 - https:\/\/yoast.com\/product\/yoast-seo-wordpress\/ -->\n<title>Di\u00f3cesis y Miembros - Iglesia Anglicana<\/title>\n<meta name=\"robots\" content=\"index, follow, max-snippet:-1, max-image-preview:large, max-video-preview:-1\" \/>\n<link rel=\"canonical\" href=\"https:\/\/lacofi.com\/iglesia-anglicana\/diocesis-y-miembros\/\" \/>\n<meta property=\"og:locale\" content=\"es_ES\" \/>\n<meta property=\"og:type\" content=\"article\" \/>\n<meta property=\"og:title\" content=\"Di\u00f3cesis y Miembros - Iglesia Anglicana\" \/>\n<meta property=\"og:description\" content=\"Administraci\u00f3n Diocesana La vida y misi\u00f3n de la Iglesia a nivel diocesano se sostiene en una organizaci\u00f3n ordenada, participativa y responsable, orientada al servicio del pueblo de Dios. Cada di\u00f3cesis tiene la facultad de definir su propia estructura administrativa, procurando que el gobierno eclesial se ejerza de manera representativa, transparente y en comuni\u00f3n. En este [&hellip;]\" \/>\n<meta property=\"og:url\" content=\"https:\/\/lacofi.com\/iglesia-anglicana\/diocesis-y-miembros\/\" \/>\n<meta property=\"og:site_name\" content=\"Iglesia Anglicana\" \/>\n<meta property=\"article:modified_time\" content=\"2026-02-08T03:39:20+00:00\" \/>\n<meta name=\"twitter:card\" content=\"summary_large_image\" \/>\n<meta name=\"twitter:label1\" content=\"Tiempo de lectura\" \/>\n\t<meta name=\"twitter:data1\" content=\"2 minutos\" \/>\n<script type=\"application\/ld+json\" class=\"yoast-schema-graph\">{\"@context\":\"https:\/\/schema.org\",\"@graph\":[{\"@type\":\"WebPage\",\"@id\":\"https:\/\/lacofi.com\/iglesia-anglicana\/diocesis-y-miembros\/\",\"url\":\"https:\/\/lacofi.com\/iglesia-anglicana\/diocesis-y-miembros\/\",\"name\":\"Di\u00f3cesis y Miembros - Iglesia Anglicana\",\"isPartOf\":{\"@id\":\"https:\/\/lacofi.com\/iglesia-anglicana\/#website\"},\"datePublished\":\"2026-02-08T03:15:58+00:00\",\"dateModified\":\"2026-02-08T03:39:20+00:00\",\"breadcrumb\":{\"@id\":\"https:\/\/lacofi.com\/iglesia-anglicana\/diocesis-y-miembros\/#breadcrumb\"},\"inLanguage\":\"es\",\"potentialAction\":[{\"@type\":\"ReadAction\",\"target\":[\"https:\/\/lacofi.com\/iglesia-anglicana\/diocesis-y-miembros\/\"]}]},{\"@type\":\"BreadcrumbList\",\"@id\":\"https:\/\/lacofi.com\/iglesia-anglicana\/diocesis-y-miembros\/#breadcrumb\",\"itemListElement\":[{\"@type\":\"ListItem\",\"position\":1,\"name\":\"Portada\",\"item\":\"https:\/\/lacofi.com\/iglesia-anglicana\/\"},{\"@type\":\"ListItem\",\"position\":2,\"name\":\"Di\u00f3cesis y Miembros\"}]},{\"@type\":\"WebSite\",\"@id\":\"https:\/\/lacofi.com\/iglesia-anglicana\/#website\",\"url\":\"https:\/\/lacofi.com\/iglesia-anglicana\/\",\"name\":\"Iglesia Anglicana\",\"description\":\"\",\"potentialAction\":[{\"@type\":\"SearchAction\",\"target\":{\"@type\":\"EntryPoint\",\"urlTemplate\":\"https:\/\/lacofi.com\/iglesia-anglicana\/?s={search_term_string}\"},\"query-input\":{\"@type\":\"PropertyValueSpecification\",\"valueRequired\":true,\"valueName\":\"search_term_string\"}}],\"inLanguage\":\"es\"}]}<\/script>\n<!-- \/ Yoast SEO plugin. -->","yoast_head_json":{"title":"Di\u00f3cesis y Miembros - Iglesia Anglicana","robots":{"index":"index","follow":"follow","max-snippet":"max-snippet:-1","max-image-preview":"max-image-preview:large","max-video-preview":"max-video-preview:-1"},"canonical":"https:\/\/lacofi.com\/iglesia-anglicana\/diocesis-y-miembros\/","og_locale":"es_ES","og_type":"article","og_title":"Di\u00f3cesis y Miembros - Iglesia Anglicana","og_description":"Administraci\u00f3n Diocesana La vida y misi\u00f3n de la Iglesia a nivel diocesano se sostiene en una organizaci\u00f3n ordenada, participativa y responsable, orientada al servicio del pueblo de Dios. Cada di\u00f3cesis tiene la facultad de definir su propia estructura administrativa, procurando que el gobierno eclesial se ejerza de manera representativa, transparente y en comuni\u00f3n. En este [&hellip;]","og_url":"https:\/\/lacofi.com\/iglesia-anglicana\/diocesis-y-miembros\/","og_site_name":"Iglesia Anglicana","article_modified_time":"2026-02-08T03:39:20+00:00","twitter_card":"summary_large_image","twitter_misc":{"Tiempo de lectura":"2 minutos"},"schema":{"@context":"https:\/\/schema.org","@graph":[{"@type":"WebPage","@id":"https:\/\/lacofi.com\/iglesia-anglicana\/diocesis-y-miembros\/","url":"https:\/\/lacofi.com\/iglesia-anglicana\/diocesis-y-miembros\/","name":"Di\u00f3cesis y Miembros - Iglesia Anglicana","isPartOf":{"@id":"https:\/\/lacofi.com\/iglesia-anglicana\/#website"},"datePublished":"2026-02-08T03:15:58+00:00","dateModified":"2026-02-08T03:39:20+00:00","breadcrumb":{"@id":"https:\/\/lacofi.com\/iglesia-anglicana\/diocesis-y-miembros\/#breadcrumb"},"inLanguage":"es","potentialAction":[{"@type":"ReadAction","target":["https:\/\/lacofi.com\/iglesia-anglicana\/diocesis-y-miembros\/"]}]},{"@type":"BreadcrumbList","@id":"https:\/\/lacofi.com\/iglesia-anglicana\/diocesis-y-miembros\/#breadcrumb","itemListElement":[{"@type":"ListItem","position":1,"name":"Portada","item":"https:\/\/lacofi.com\/iglesia-anglicana\/"},{"@type":"ListItem","position":2,"name":"Di\u00f3cesis y Miembros"}]},{"@type":"WebSite","@id":"https:\/\/lacofi.com\/iglesia-anglicana\/#website","url":"https:\/\/lacofi.com\/iglesia-anglicana\/","name":"Iglesia Anglicana","description":"","potentialAction":[{"@type":"SearchAction","target":{"@type":"EntryPoint","urlTemplate":"https:\/\/lacofi.com\/iglesia-anglicana\/?s={search_term_string}"},"query-input":{"@type":"PropertyValueSpecification","valueRequired":true,"valueName":"search_term_string"}}],"inLanguage":"es"}]}},"_links":{"self":[{"href":"https:\/\/lacofi.com\/iglesia-anglicana\/wp-json\/wp\/v2\/pages\/260","targetHints":{"allow":["GET"]}}],"collection":[{"href":"https:\/\/lacofi.com\/iglesia-anglicana\/wp-json\/wp\/v2\/pages"}],"about":[{"href":"https:\/\/lacofi.com\/iglesia-anglicana\/wp-json\/wp\/v2\/types\/page"}],"author":[{"embeddable":true,"href":"https:\/\/lacofi.com\/iglesia-anglicana\/wp-json\/wp\/v2\/users\/1"}],"replies":[{"embeddable":true,"href":"https:\/\/lacofi.com\/iglesia-anglicana\/wp-json\/wp\/v2\/comments?post=260"}],"version-history":[{"count":16,"href":"https:\/\/lacofi.com\/iglesia-anglicana\/wp-json\/wp\/v2\/pages\/260\/revisions"}],"predecessor-version":[{"id":277,"href":"https:\/\/lacofi.com\/iglesia-anglicana\/wp-json\/wp\/v2\/pages\/260\/revisions\/277"}],"wp:attachment":[{"href":"https:\/\/lacofi.com\/iglesia-anglicana\/wp-json\/wp\/v2\/media?parent=260"}],"curies":[{"name":"wp","href":"https:\/\/api.w.org\/{rel}","templated":true}]}}