{"id":295,"date":"2026-02-08T04:59:42","date_gmt":"2026-02-08T03:59:42","guid":{"rendered":"https:\/\/lacofi.com\/iglesia-anglicana\/?page_id=295"},"modified":"2026-02-08T06:01:59","modified_gmt":"2026-02-08T05:01:59","slug":"mision-chaco","status":"publish","type":"page","link":"https:\/\/lacofi.com\/iglesia-anglicana\/mision-chaco\/","title":{"rendered":"Misi\u00f3n Chaco"},"content":{"rendered":"\t\t<div data-elementor-type=\"wp-page\" data-elementor-id=\"295\" class=\"elementor elementor-295\" data-elementor-post-type=\"page\">\n\t\t\t\t<div class=\"elementor-element elementor-element-39df652f e-con-full e-flex e-con e-parent\" data-id=\"39df652f\" data-element_type=\"container\" data-e-type=\"container\">\n\t\t<div class=\"elementor-element elementor-element-6c195bca e-con-full e-flex e-con e-child\" data-id=\"6c195bca\" data-element_type=\"container\" data-e-type=\"container\">\n\t\t\t\t<div class=\"elementor-element elementor-element-25aae6ef elementor-widget elementor-widget-heading\" data-id=\"25aae6ef\" data-element_type=\"widget\" data-e-type=\"widget\" data-widget_type=\"heading.default\">\n\t\t\t\t\t<h2 class=\"elementor-heading-title elementor-size-default\">Misi\u00f3n CHaco<\/h2>\t\t\t\t<\/div>\n\t\t\t\t<div class=\"elementor-element elementor-element-6939a514 elementor-widget elementor-widget-text-editor\" data-id=\"6939a514\" data-element_type=\"widget\" data-e-type=\"widget\" data-widget_type=\"text-editor.default\">\n\t\t\t\t\t\t\t\t\t<p>La Iglesia Anglicana Paraguaya vive su misi\u00f3n anunciando el mensaje cristiano, especialmente junto a los pueblos originarios del Chaco paraguayo, caminando a su lado con respeto y compromiso. Su objetivo es compartir los principios del cristianismo no solo como una ense\u00f1anza espiritual, sino como una forma de vida que transforme a las personas y a las comunidades. Desde el Evangelio, promueve valores como la familia, la paz, la justicia, la honestidad y el cuidado del otro, buscando aportar a la construcci\u00f3n de una sociedad paraguaya m\u00e1s solidaria, justa y espiritualmente viva.<\/p>\t\t\t\t\t\t\t\t<\/div>\n\t\t\t\t<\/div>\n\t\t<div class=\"elementor-element elementor-element-7379fa1e e-flex e-con-boxed e-con e-child\" data-id=\"7379fa1e\" data-element_type=\"container\" data-e-type=\"container\" data-settings=\"{&quot;background_background&quot;:&quot;classic&quot;}\">\n\t\t\t\t\t<div class=\"e-con-inner\">\n\t\t\t\t\t<\/div>\n\t\t\t\t<\/div>\n\t\t\t\t<\/div>\n\t\t<div class=\"elementor-element elementor-element-5e20d70d e-con-full e-flex e-con e-parent\" data-id=\"5e20d70d\" data-element_type=\"container\" data-e-type=\"container\" id=\"ayudar\">\n\t\t\t\t<div class=\"elementor-element elementor-element-2f5ea3f4 elementor-widget elementor-widget-heading\" data-id=\"2f5ea3f4\" data-element_type=\"widget\" data-e-type=\"widget\" data-widget_type=\"heading.default\">\n\t\t\t\t\t<h2 class=\"elementor-heading-title elementor-size-default\">\u00bfC\u00f3mo ayudar?<\/h2>\t\t\t\t<\/div>\n\t\t<div class=\"elementor-element elementor-element-6f9b534e e-con-full e-flex e-con e-child\" data-id=\"6f9b534e\" data-element_type=\"container\" data-e-type=\"container\">\n\t\t\t\t<div class=\"elementor-element elementor-element-526827e7 elementor-widget elementor-widget-text-editor\" data-id=\"526827e7\" data-element_type=\"widget\" data-e-type=\"widget\" data-widget_type=\"text-editor.default\">\n\t\t\t\t\t\t\t\t\t<p>La Iglesia Anglicana Paraguaya desarrolla su misi\u00f3n en el Chaco paraguayo en conjunto con Church Mission Society (CMS), acompa\u00f1ando y sosteniendo el trabajo pastoral y comunitario en la regi\u00f3n. A lo largo del a\u00f1o se realizan entre 10 y 12 viajes misioneros, que requieren una importante organizaci\u00f3n log\u00edstica: el uso de los veh\u00edculos de la Di\u00f3cesis, el vi\u00e1tico para los equipos de trabajo y la provisi\u00f3n de alimentos para seis comunidades base. Estas acciones permiten fortalecer las congregaciones en funcionamiento y acompa\u00f1ar de manera cercana a los representantes de las distintas aldeas. Para que esta misi\u00f3n pueda continuar y crecer, la Iglesia invita a todos aquellos que deseen sumarse a colaborar mediante donaciones, contribuyendo as\u00ed a sostener un trabajo que impacta vidas y comunidades enteras.<\/p><p>Las donaciones pueden acercarse en cualquier momento del a\u00f1o a la oficina diocesana, ubicada en <strong>General Santos esquina Avenida Espa\u00f1a,<\/strong> donde ser\u00e1n recibidas y destinadas a acompa\u00f1ar el trabajo misionero y comunitario que la Iglesia desarrolla en el Chaco paraguayo.<\/p>\t\t\t\t\t\t\t\t<\/div>\n\t\t<div class=\"elementor-element elementor-element-117d81f5 e-con-full e-flex e-con e-child\" data-id=\"117d81f5\" data-element_type=\"container\" data-e-type=\"container\">\n\t\t\t\t<div class=\"elementor-element elementor-element-48b410ba elementor-icon-list--layout-traditional elementor-list-item-link-full_width elementor-widget elementor-widget-icon-list\" data-id=\"48b410ba\" data-element_type=\"widget\" data-e-type=\"widget\" data-widget_type=\"icon-list.default\">\n\t\t\t\t\t\t\t<ul class=\"elementor-icon-list-items\">\n\t\t\t\t\t\t\t<li class=\"elementor-icon-list-item\">\n\t\t\t\t\t\t\t\t\t\t\t<span class=\"elementor-icon-list-icon\">\n\t\t\t\t\t\t\t<svg aria-hidden=\"true\" class=\"e-font-icon-svg e-fas-check\" viewBox=\"0 0 512 512\" xmlns=\"http:\/\/www.w3.org\/2000\/svg\"><path d=\"M173.898 439.404l-166.4-166.4c-9.997-9.997-9.997-26.206 0-36.204l36.203-36.204c9.997-9.998 26.207-9.998 36.204 0L192 312.69 432.095 72.596c9.997-9.997 26.207-9.997 36.204 0l36.203 36.204c9.997 9.997 9.997 26.206 0 36.204l-294.4 294.401c-9.998 9.997-26.207 9.997-36.204-.001z\"><\/path><\/svg>\t\t\t\t\t\t<\/span>\n\t\t\t\t\t\t\t\t\t\t<span class=\"elementor-icon-list-text\">Ropa<\/span>\n\t\t\t\t\t\t\t\t\t<\/li>\n\t\t\t\t\t\t\t\t<li class=\"elementor-icon-list-item\">\n\t\t\t\t\t\t\t\t\t\t\t<span class=\"elementor-icon-list-icon\">\n\t\t\t\t\t\t\t<svg aria-hidden=\"true\" class=\"e-font-icon-svg e-fas-check\" viewBox=\"0 0 512 512\" xmlns=\"http:\/\/www.w3.org\/2000\/svg\"><path d=\"M173.898 439.404l-166.4-166.4c-9.997-9.997-9.997-26.206 0-36.204l36.203-36.204c9.997-9.998 26.207-9.998 36.204 0L192 312.69 432.095 72.596c9.997-9.997 26.207-9.997 36.204 0l36.203 36.204c9.997 9.997 9.997 26.206 0 36.204l-294.4 294.401c-9.998 9.997-26.207 9.997-36.204-.001z\"><\/path><\/svg>\t\t\t\t\t\t<\/span>\n\t\t\t\t\t\t\t\t\t\t<span class=\"elementor-icon-list-text\">Tela<\/span>\n\t\t\t\t\t\t\t\t\t<\/li>\n\t\t\t\t\t\t<\/ul>\n\t\t\t\t\t\t<\/div>\n\t\t\t\t<div class=\"elementor-element elementor-element-6dd119b elementor-icon-list--layout-traditional elementor-list-item-link-full_width elementor-widget elementor-widget-icon-list\" data-id=\"6dd119b\" data-element_type=\"widget\" data-e-type=\"widget\" data-widget_type=\"icon-list.default\">\n\t\t\t\t\t\t\t<ul class=\"elementor-icon-list-items\">\n\t\t\t\t\t\t\t<li class=\"elementor-icon-list-item\">\n\t\t\t\t\t\t\t\t\t\t\t<span class=\"elementor-icon-list-icon\">\n\t\t\t\t\t\t\t<svg aria-hidden=\"true\" class=\"e-font-icon-svg e-fas-check\" viewBox=\"0 0 512 512\" xmlns=\"http:\/\/www.w3.org\/2000\/svg\"><path d=\"M173.898 439.404l-166.4-166.4c-9.997-9.997-9.997-26.206 0-36.204l36.203-36.204c9.997-9.998 26.207-9.998 36.204 0L192 312.69 432.095 72.596c9.997-9.997 26.207-9.997 36.204 0l36.203 36.204c9.997 9.997 9.997 26.206 0 36.204l-294.4 294.401c-9.998 9.997-26.207 9.997-36.204-.001z\"><\/path><\/svg>\t\t\t\t\t\t<\/span>\n\t\t\t\t\t\t\t\t\t\t<span class=\"elementor-icon-list-text\">Maquina de cocer<\/span>\n\t\t\t\t\t\t\t\t\t<\/li>\n\t\t\t\t\t\t\t\t<li class=\"elementor-icon-list-item\">\n\t\t\t\t\t\t\t\t\t\t\t<span class=\"elementor-icon-list-icon\">\n\t\t\t\t\t\t\t<svg aria-hidden=\"true\" class=\"e-font-icon-svg e-fas-check\" viewBox=\"0 0 512 512\" xmlns=\"http:\/\/www.w3.org\/2000\/svg\"><path d=\"M173.898 439.404l-166.4-166.4c-9.997-9.997-9.997-26.206 0-36.204l36.203-36.204c9.997-9.998 26.207-9.998 36.204 0L192 312.69 432.095 72.596c9.997-9.997 26.207-9.997 36.204 0l36.203 36.204c9.997 9.997 9.997 26.206 0 36.204l-294.4 294.401c-9.998 9.997-26.207 9.997-36.204-.001z\"><\/path><\/svg>\t\t\t\t\t\t<\/span>\n\t\t\t\t\t\t\t\t\t\t<span class=\"elementor-icon-list-text\">Lana de tejer<\/span>\n\t\t\t\t\t\t\t\t\t<\/li>\n\t\t\t\t\t\t<\/ul>\n\t\t\t\t\t\t<\/div>\n\t\t\t\t<div class=\"elementor-element elementor-element-49d4ebc3 elementor-icon-list--layout-traditional elementor-list-item-link-full_width elementor-widget elementor-widget-icon-list\" data-id=\"49d4ebc3\" data-element_type=\"widget\" data-e-type=\"widget\" data-widget_type=\"icon-list.default\">\n\t\t\t\t\t\t\t<ul class=\"elementor-icon-list-items\">\n\t\t\t\t\t\t\t<li class=\"elementor-icon-list-item\">\n\t\t\t\t\t\t\t\t\t\t\t<span class=\"elementor-icon-list-icon\">\n\t\t\t\t\t\t\t<svg aria-hidden=\"true\" class=\"e-font-icon-svg e-fas-check\" viewBox=\"0 0 512 512\" xmlns=\"http:\/\/www.w3.org\/2000\/svg\"><path d=\"M173.898 439.404l-166.4-166.4c-9.997-9.997-9.997-26.206 0-36.204l36.203-36.204c9.997-9.998 26.207-9.998 36.204 0L192 312.69 432.095 72.596c9.997-9.997 26.207-9.997 36.204 0l36.203 36.204c9.997 9.997 9.997 26.206 0 36.204l-294.4 294.401c-9.998 9.997-26.207 9.997-36.204-.001z\"><\/path><\/svg>\t\t\t\t\t\t<\/span>\n\t\t\t\t\t\t\t\t\t\t<span class=\"elementor-icon-list-text\">Pizarra acrilica<\/span>\n\t\t\t\t\t\t\t\t\t<\/li>\n\t\t\t\t\t\t\t\t<li class=\"elementor-icon-list-item\">\n\t\t\t\t\t\t\t\t\t\t\t<span class=\"elementor-icon-list-icon\">\n\t\t\t\t\t\t\t<svg aria-hidden=\"true\" class=\"e-font-icon-svg e-fas-check\" viewBox=\"0 0 512 512\" xmlns=\"http:\/\/www.w3.org\/2000\/svg\"><path d=\"M173.898 439.404l-166.4-166.4c-9.997-9.997-9.997-26.206 0-36.204l36.203-36.204c9.997-9.998 26.207-9.998 36.204 0L192 312.69 432.095 72.596c9.997-9.997 26.207-9.997 36.204 0l36.203 36.204c9.997 9.997 9.997 26.206 0 36.204l-294.4 294.401c-9.998 9.997-26.207 9.997-36.204-.001z\"><\/path><\/svg>\t\t\t\t\t\t<\/span>\n\t\t\t\t\t\t\t\t\t\t<span class=\"elementor-icon-list-text\">\u00datiles escolares<\/span>\n\t\t\t\t\t\t\t\t\t<\/li>\n\t\t\t\t\t\t<\/ul>\n\t\t\t\t\t\t<\/div>\n\t\t\t\t<div class=\"elementor-element elementor-element-ed39e7e elementor-icon-list--layout-traditional elementor-list-item-link-full_width elementor-widget elementor-widget-icon-list\" data-id=\"ed39e7e\" data-element_type=\"widget\" data-e-type=\"widget\" data-widget_type=\"icon-list.default\">\n\t\t\t\t\t\t\t<ul class=\"elementor-icon-list-items\">\n\t\t\t\t\t\t\t<li class=\"elementor-icon-list-item\">\n\t\t\t\t\t\t\t\t\t\t\t<span class=\"elementor-icon-list-icon\">\n\t\t\t\t\t\t\t<svg aria-hidden=\"true\" class=\"e-font-icon-svg e-fas-check\" viewBox=\"0 0 512 512\" xmlns=\"http:\/\/www.w3.org\/2000\/svg\"><path d=\"M173.898 439.404l-166.4-166.4c-9.997-9.997-9.997-26.206 0-36.204l36.203-36.204c9.997-9.998 26.207-9.998 36.204 0L192 312.69 432.095 72.596c9.997-9.997 26.207-9.997 36.204 0l36.203 36.204c9.997 9.997 9.997 26.206 0 36.204l-294.4 294.401c-9.998 9.997-26.207 9.997-36.204-.001z\"><\/path><\/svg>\t\t\t\t\t\t<\/span>\n\t\t\t\t\t\t\t\t\t\t<span class=\"elementor-icon-list-text\">Alimentos no perecederos<\/span>\n\t\t\t\t\t\t\t\t\t<\/li>\n\t\t\t\t\t\t\t\t<li class=\"elementor-icon-list-item\">\n\t\t\t\t\t\t\t\t\t\t\t<span class=\"elementor-icon-list-icon\">\n\t\t\t\t\t\t\t<svg aria-hidden=\"true\" class=\"e-font-icon-svg e-fas-check\" viewBox=\"0 0 512 512\" xmlns=\"http:\/\/www.w3.org\/2000\/svg\"><path d=\"M173.898 439.404l-166.4-166.4c-9.997-9.997-9.997-26.206 0-36.204l36.203-36.204c9.997-9.998 26.207-9.998 36.204 0L192 312.69 432.095 72.596c9.997-9.997 26.207-9.997 36.204 0l36.203 36.204c9.997 9.997 9.997 26.206 0 36.204l-294.4 294.401c-9.998 9.997-26.207 9.997-36.204-.001z\"><\/path><\/svg>\t\t\t\t\t\t<\/span>\n\t\t\t\t\t\t\t\t\t\t<span class=\"elementor-icon-list-text\">Semillas para sembrar<\/span>\n\t\t\t\t\t\t\t\t\t<\/li>\n\t\t\t\t\t\t<\/ul>\n\t\t\t\t\t\t<\/div>\n\t\t\t\t<\/div>\n\t\t\t\t<\/div>\n\t\t\t\t<\/div>\n\t\t<div class=\"elementor-element elementor-element-27c8878a e-con-full e-flex e-con e-parent\" data-id=\"27c8878a\" data-element_type=\"container\" data-e-type=\"container\" id=\"fotos-instalaciones\">\n\t\t\t\t<div class=\"elementor-element elementor-element-355bd22e elementor-widget elementor-widget-gallery\" data-id=\"355bd22e\" data-element_type=\"widget\" data-e-type=\"widget\" data-settings=\"{&quot;gallery_layout&quot;:&quot;justified&quot;,&quot;lazyload&quot;:&quot;yes&quot;,&quot;ideal_row_height&quot;:{&quot;unit&quot;:&quot;px&quot;,&quot;size&quot;:200,&quot;sizes&quot;:[]},&quot;ideal_row_height_tablet&quot;:{&quot;unit&quot;:&quot;px&quot;,&quot;size&quot;:150,&quot;sizes&quot;:[]},&quot;ideal_row_height_mobile&quot;:{&quot;unit&quot;:&quot;px&quot;,&quot;size&quot;:150,&quot;sizes&quot;:[]},&quot;gap&quot;:{&quot;unit&quot;:&quot;px&quot;,&quot;size&quot;:10,&quot;sizes&quot;:[]},&quot;gap_tablet&quot;:{&quot;unit&quot;:&quot;px&quot;,&quot;size&quot;:10,&quot;sizes&quot;:[]},&quot;gap_mobile&quot;:{&quot;unit&quot;:&quot;px&quot;,&quot;size&quot;:10,&quot;sizes&quot;:[]},&quot;link_to&quot;:&quot;file&quot;,&quot;overlay_background&quot;:&quot;yes&quot;,&quot;content_hover_animation&quot;:&quot;fade-in&quot;}\" data-widget_type=\"gallery.default\">\n\t\t\t\t\t\t\t<div class=\"elementor-gallery__container\">\n\t\t\t\t\t\t\t<a class=\"e-gallery-item elementor-gallery-item elementor-animated-content\" href=\"https:\/\/lacofi.com\/iglesia-anglicana\/wp-content\/uploads\/sites\/11\/2026\/02\/Triptico-Mision-Chaco-2023-IAP-1536x1086-1.png\" data-elementor-open-lightbox=\"yes\" data-elementor-lightbox-slideshow=\"355bd22e\" data-elementor-lightbox-title=\"Triptico-Mision-Chaco-2023-IAP-1536x1086\" data-e-action-hash=\"#elementor-action%3Aaction%3Dlightbox%26settings%3DeyJpZCI6MzA1LCJ1cmwiOiJodHRwczpcL1wvbGFjb2ZpLmNvbVwvaWdsZXNpYS1hbmdsaWNhbmFcL3dwLWNvbnRlbnRcL3VwbG9hZHNcL3NpdGVzXC8xMVwvMjAyNlwvMDJcL1RyaXB0aWNvLU1pc2lvbi1DaGFjby0yMDIzLUlBUC0xNTM2eDEwODYtMS5wbmciLCJzbGlkZXNob3ciOiIzNTViZDIyZSJ9\">\n\t\t\t\t\t<div class=\"e-gallery-image elementor-gallery-item__image\" data-thumbnail=\"https:\/\/lacofi.com\/iglesia-anglicana\/wp-content\/uploads\/sites\/11\/2026\/02\/Triptico-Mision-Chaco-2023-IAP-1536x1086-1-300x212.png\" data-width=\"300\" data-height=\"212\" aria-label=\"\" role=\"img\" ><\/div>\n\t\t\t\t\t\t\t\t\t\t\t<div class=\"elementor-gallery-item__overlay\"><\/div>\n\t\t\t\t\t\t\t\t\t\t\t\t\t\t<\/a>\n\t\t\t\t\t\t\t<a class=\"e-gallery-item elementor-gallery-item elementor-animated-content\" href=\"https:\/\/lacofi.com\/iglesia-anglicana\/wp-content\/uploads\/sites\/11\/2026\/02\/WhatsApp-Image-2022-08-18-at-2.03.30-PM-2-1024x768-1.jpeg\" data-elementor-open-lightbox=\"yes\" data-elementor-lightbox-slideshow=\"355bd22e\" data-elementor-lightbox-title=\"WhatsApp-Image-2022-08-18-at-2.03.30-PM-2-1024x768\" data-e-action-hash=\"#elementor-action%3Aaction%3Dlightbox%26settings%3DeyJpZCI6MzA2LCJ1cmwiOiJodHRwczpcL1wvbGFjb2ZpLmNvbVwvaWdsZXNpYS1hbmdsaWNhbmFcL3dwLWNvbnRlbnRcL3VwbG9hZHNcL3NpdGVzXC8xMVwvMjAyNlwvMDJcL1doYXRzQXBwLUltYWdlLTIwMjItMDgtMTgtYXQtMi4wMy4zMC1QTS0yLTEwMjR4NzY4LTEuanBlZyIsInNsaWRlc2hvdyI6IjM1NWJkMjJlIn0%3D\">\n\t\t\t\t\t<div class=\"e-gallery-image elementor-gallery-item__image\" data-thumbnail=\"https:\/\/lacofi.com\/iglesia-anglicana\/wp-content\/uploads\/sites\/11\/2026\/02\/WhatsApp-Image-2022-08-18-at-2.03.30-PM-2-1024x768-1-300x225.jpeg\" data-width=\"300\" data-height=\"225\" aria-label=\"\" role=\"img\" ><\/div>\n\t\t\t\t\t\t\t\t\t\t\t<div class=\"elementor-gallery-item__overlay\"><\/div>\n\t\t\t\t\t\t\t\t\t\t\t\t\t\t<\/a>\n\t\t\t\t\t\t\t<a class=\"e-gallery-item elementor-gallery-item elementor-animated-content\" href=\"https:\/\/lacofi.com\/iglesia-anglicana\/wp-content\/uploads\/sites\/11\/2026\/02\/B3387308-C3A8-44BA-9B24-9DED120C9214.png\" data-elementor-open-lightbox=\"yes\" data-elementor-lightbox-slideshow=\"355bd22e\" data-elementor-lightbox-title=\"B3387308-C3A8-44BA-9B24-9DED120C9214\" data-e-action-hash=\"#elementor-action%3Aaction%3Dlightbox%26settings%3DeyJpZCI6MzA3LCJ1cmwiOiJodHRwczpcL1wvbGFjb2ZpLmNvbVwvaWdsZXNpYS1hbmdsaWNhbmFcL3dwLWNvbnRlbnRcL3VwbG9hZHNcL3NpdGVzXC8xMVwvMjAyNlwvMDJcL0IzMzg3MzA4LUMzQTgtNDRCQS05QjI0LTlERUQxMjBDOTIxNC5wbmciLCJzbGlkZXNob3ciOiIzNTViZDIyZSJ9\">\n\t\t\t\t\t<div class=\"e-gallery-image elementor-gallery-item__image\" data-thumbnail=\"https:\/\/lacofi.com\/iglesia-anglicana\/wp-content\/uploads\/sites\/11\/2026\/02\/B3387308-C3A8-44BA-9B24-9DED120C9214-300x300.png\" data-width=\"300\" data-height=\"300\" aria-label=\"\" role=\"img\" ><\/div>\n\t\t\t\t\t\t\t\t\t\t\t<div class=\"elementor-gallery-item__overlay\"><\/div>\n\t\t\t\t\t\t\t\t\t\t\t\t\t\t<\/a>\n\t\t\t\t\t\t\t<a class=\"e-gallery-item elementor-gallery-item elementor-animated-content\" href=\"https:\/\/lacofi.com\/iglesia-anglicana\/wp-content\/uploads\/sites\/11\/2026\/02\/12D0AC0E-D87A-46D2-B162-A29A59C5927F-768x768-1.png\" data-elementor-open-lightbox=\"yes\" data-elementor-lightbox-slideshow=\"355bd22e\" data-elementor-lightbox-title=\"12D0AC0E-D87A-46D2-B162-A29A59C5927F-768x768\" data-e-action-hash=\"#elementor-action%3Aaction%3Dlightbox%26settings%3DeyJpZCI6MzA4LCJ1cmwiOiJodHRwczpcL1wvbGFjb2ZpLmNvbVwvaWdsZXNpYS1hbmdsaWNhbmFcL3dwLWNvbnRlbnRcL3VwbG9hZHNcL3NpdGVzXC8xMVwvMjAyNlwvMDJcLzEyRDBBQzBFLUQ4N0EtNDZEMi1CMTYyLUEyOUE1OUM1OTI3Ri03Njh4NzY4LTEucG5nIiwic2xpZGVzaG93IjoiMzU1YmQyMmUifQ%3D%3D\">\n\t\t\t\t\t<div class=\"e-gallery-image elementor-gallery-item__image\" data-thumbnail=\"https:\/\/lacofi.com\/iglesia-anglicana\/wp-content\/uploads\/sites\/11\/2026\/02\/12D0AC0E-D87A-46D2-B162-A29A59C5927F-768x768-1-300x300.png\" data-width=\"300\" data-height=\"300\" aria-label=\"\" role=\"img\" ><\/div>\n\t\t\t\t\t\t\t\t\t\t\t<div class=\"elementor-gallery-item__overlay\"><\/div>\n\t\t\t\t\t\t\t\t\t\t\t\t\t\t<\/a>\n\t\t\t\t\t\t\t<a class=\"e-gallery-item elementor-gallery-item elementor-animated-content\" href=\"https:\/\/lacofi.com\/iglesia-anglicana\/wp-content\/uploads\/sites\/11\/2026\/02\/8F69FA22-5EF9-457D-AA32-FEB3F208085F-768x768-1.png\" data-elementor-open-lightbox=\"yes\" data-elementor-lightbox-slideshow=\"355bd22e\" data-elementor-lightbox-title=\"8F69FA22-5EF9-457D-AA32-FEB3F208085F-768x768\" data-e-action-hash=\"#elementor-action%3Aaction%3Dlightbox%26settings%3DeyJpZCI6MzA5LCJ1cmwiOiJodHRwczpcL1wvbGFjb2ZpLmNvbVwvaWdsZXNpYS1hbmdsaWNhbmFcL3dwLWNvbnRlbnRcL3VwbG9hZHNcL3NpdGVzXC8xMVwvMjAyNlwvMDJcLzhGNjlGQTIyLTVFRjktNDU3RC1BQTMyLUZFQjNGMjA4MDg1Ri03Njh4NzY4LTEucG5nIiwic2xpZGVzaG93IjoiMzU1YmQyMmUifQ%3D%3D\">\n\t\t\t\t\t<div class=\"e-gallery-image elementor-gallery-item__image\" data-thumbnail=\"https:\/\/lacofi.com\/iglesia-anglicana\/wp-content\/uploads\/sites\/11\/2026\/02\/8F69FA22-5EF9-457D-AA32-FEB3F208085F-768x768-1-300x300.png\" data-width=\"300\" data-height=\"300\" aria-label=\"\" role=\"img\" ><\/div>\n\t\t\t\t\t\t\t\t\t\t\t<div class=\"elementor-gallery-item__overlay\"><\/div>\n\t\t\t\t\t\t\t\t\t\t\t\t\t\t<\/a>\n\t\t\t\t\t<\/div>\n\t\t\t\t\t<\/div>\n\t\t\t\t<\/div>\n\t\t\t\t<\/div>\n\t\t","protected":false},"excerpt":{"rendered":"<p>Misi\u00f3n CHaco La Iglesia Anglicana Paraguaya vive su misi\u00f3n anunciando el mensaje cristiano, especialmente junto a los pueblos originarios del Chaco paraguayo, caminando a su lado con respeto y compromiso. Su objetivo es compartir los principios del cristianismo no solo como una ense\u00f1anza espiritual, sino como una forma de vida que transforme a las personas [&hellip;]<\/p>\n","protected":false},"author":1,"featured_media":0,"parent":0,"menu_order":0,"comment_status":"closed","ping_status":"closed","template":"","meta":{"footnotes":""},"class_list":["post-295","page","type-page","status-publish","hentry"],"yoast_head":"<!-- This site is optimized with the Yoast SEO plugin v26.9 - https:\/\/yoast.com\/product\/yoast-seo-wordpress\/ -->\n<title>Misi\u00f3n Chaco - Iglesia Anglicana<\/title>\n<meta name=\"robots\" content=\"index, follow, max-snippet:-1, max-image-preview:large, max-video-preview:-1\" \/>\n<link rel=\"canonical\" href=\"https:\/\/lacofi.com\/iglesia-anglicana\/mision-chaco\/\" \/>\n<meta property=\"og:locale\" content=\"es_ES\" \/>\n<meta property=\"og:type\" content=\"article\" \/>\n<meta property=\"og:title\" content=\"Misi\u00f3n Chaco - Iglesia Anglicana\" \/>\n<meta property=\"og:description\" content=\"Misi\u00f3n CHaco La Iglesia Anglicana Paraguaya vive su misi\u00f3n anunciando el mensaje cristiano, especialmente junto a los pueblos originarios del Chaco paraguayo, caminando a su lado con respeto y compromiso. Su objetivo es compartir los principios del cristianismo no solo como una ense\u00f1anza espiritual, sino como una forma de vida que transforme a las personas [&hellip;]\" \/>\n<meta property=\"og:url\" content=\"https:\/\/lacofi.com\/iglesia-anglicana\/mision-chaco\/\" \/>\n<meta property=\"og:site_name\" content=\"Iglesia Anglicana\" \/>\n<meta property=\"article:modified_time\" content=\"2026-02-08T05:01:59+00:00\" \/>\n<meta name=\"twitter:card\" content=\"summary_large_image\" \/>\n<meta name=\"twitter:label1\" content=\"Tiempo de lectura\" \/>\n\t<meta name=\"twitter:data1\" content=\"2 minutos\" \/>\n<script type=\"application\/ld+json\" class=\"yoast-schema-graph\">{\"@context\":\"https:\/\/schema.org\",\"@graph\":[{\"@type\":\"WebPage\",\"@id\":\"https:\/\/lacofi.com\/iglesia-anglicana\/mision-chaco\/\",\"url\":\"https:\/\/lacofi.com\/iglesia-anglicana\/mision-chaco\/\",\"name\":\"Misi\u00f3n Chaco - Iglesia Anglicana\",\"isPartOf\":{\"@id\":\"https:\/\/lacofi.com\/iglesia-anglicana\/#website\"},\"datePublished\":\"2026-02-08T03:59:42+00:00\",\"dateModified\":\"2026-02-08T05:01:59+00:00\",\"breadcrumb\":{\"@id\":\"https:\/\/lacofi.com\/iglesia-anglicana\/mision-chaco\/#breadcrumb\"},\"inLanguage\":\"es\",\"potentialAction\":[{\"@type\":\"ReadAction\",\"target\":[\"https:\/\/lacofi.com\/iglesia-anglicana\/mision-chaco\/\"]}]},{\"@type\":\"BreadcrumbList\",\"@id\":\"https:\/\/lacofi.com\/iglesia-anglicana\/mision-chaco\/#breadcrumb\",\"itemListElement\":[{\"@type\":\"ListItem\",\"position\":1,\"name\":\"Portada\",\"item\":\"https:\/\/lacofi.com\/iglesia-anglicana\/\"},{\"@type\":\"ListItem\",\"position\":2,\"name\":\"Misi\u00f3n Chaco\"}]},{\"@type\":\"WebSite\",\"@id\":\"https:\/\/lacofi.com\/iglesia-anglicana\/#website\",\"url\":\"https:\/\/lacofi.com\/iglesia-anglicana\/\",\"name\":\"Iglesia Anglicana\",\"description\":\"\",\"potentialAction\":[{\"@type\":\"SearchAction\",\"target\":{\"@type\":\"EntryPoint\",\"urlTemplate\":\"https:\/\/lacofi.com\/iglesia-anglicana\/?s={search_term_string}\"},\"query-input\":{\"@type\":\"PropertyValueSpecification\",\"valueRequired\":true,\"valueName\":\"search_term_string\"}}],\"inLanguage\":\"es\"}]}<\/script>\n<!-- \/ Yoast SEO plugin. -->","yoast_head_json":{"title":"Misi\u00f3n Chaco - Iglesia Anglicana","robots":{"index":"index","follow":"follow","max-snippet":"max-snippet:-1","max-image-preview":"max-image-preview:large","max-video-preview":"max-video-preview:-1"},"canonical":"https:\/\/lacofi.com\/iglesia-anglicana\/mision-chaco\/","og_locale":"es_ES","og_type":"article","og_title":"Misi\u00f3n Chaco - Iglesia Anglicana","og_description":"Misi\u00f3n CHaco La Iglesia Anglicana Paraguaya vive su misi\u00f3n anunciando el mensaje cristiano, especialmente junto a los pueblos originarios del Chaco paraguayo, caminando a su lado con respeto y compromiso. Su objetivo es compartir los principios del cristianismo no solo como una ense\u00f1anza espiritual, sino como una forma de vida que transforme a las personas [&hellip;]","og_url":"https:\/\/lacofi.com\/iglesia-anglicana\/mision-chaco\/","og_site_name":"Iglesia Anglicana","article_modified_time":"2026-02-08T05:01:59+00:00","twitter_card":"summary_large_image","twitter_misc":{"Tiempo de lectura":"2 minutos"},"schema":{"@context":"https:\/\/schema.org","@graph":[{"@type":"WebPage","@id":"https:\/\/lacofi.com\/iglesia-anglicana\/mision-chaco\/","url":"https:\/\/lacofi.com\/iglesia-anglicana\/mision-chaco\/","name":"Misi\u00f3n Chaco - Iglesia Anglicana","isPartOf":{"@id":"https:\/\/lacofi.com\/iglesia-anglicana\/#website"},"datePublished":"2026-02-08T03:59:42+00:00","dateModified":"2026-02-08T05:01:59+00:00","breadcrumb":{"@id":"https:\/\/lacofi.com\/iglesia-anglicana\/mision-chaco\/#breadcrumb"},"inLanguage":"es","potentialAction":[{"@type":"ReadAction","target":["https:\/\/lacofi.com\/iglesia-anglicana\/mision-chaco\/"]}]},{"@type":"BreadcrumbList","@id":"https:\/\/lacofi.com\/iglesia-anglicana\/mision-chaco\/#breadcrumb","itemListElement":[{"@type":"ListItem","position":1,"name":"Portada","item":"https:\/\/lacofi.com\/iglesia-anglicana\/"},{"@type":"ListItem","position":2,"name":"Misi\u00f3n Chaco"}]},{"@type":"WebSite","@id":"https:\/\/lacofi.com\/iglesia-anglicana\/#website","url":"https:\/\/lacofi.com\/iglesia-anglicana\/","name":"Iglesia Anglicana","description":"","potentialAction":[{"@type":"SearchAction","target":{"@type":"EntryPoint","urlTemplate":"https:\/\/lacofi.com\/iglesia-anglicana\/?s={search_term_string}"},"query-input":{"@type":"PropertyValueSpecification","valueRequired":true,"valueName":"search_term_string"}}],"inLanguage":"es"}]}},"_links":{"self":[{"href":"https:\/\/lacofi.com\/iglesia-anglicana\/wp-json\/wp\/v2\/pages\/295","targetHints":{"allow":["GET"]}}],"collection":[{"href":"https:\/\/lacofi.com\/iglesia-anglicana\/wp-json\/wp\/v2\/pages"}],"about":[{"href":"https:\/\/lacofi.com\/iglesia-anglicana\/wp-json\/wp\/v2\/types\/page"}],"author":[{"embeddable":true,"href":"https:\/\/lacofi.com\/iglesia-anglicana\/wp-json\/wp\/v2\/users\/1"}],"replies":[{"embeddable":true,"href":"https:\/\/lacofi.com\/iglesia-anglicana\/wp-json\/wp\/v2\/comments?post=295"}],"version-history":[{"count":16,"href":"https:\/\/lacofi.com\/iglesia-anglicana\/wp-json\/wp\/v2\/pages\/295\/revisions"}],"predecessor-version":[{"id":348,"href":"https:\/\/lacofi.com\/iglesia-anglicana\/wp-json\/wp\/v2\/pages\/295\/revisions\/348"}],"wp:attachment":[{"href":"https:\/\/lacofi.com\/iglesia-anglicana\/wp-json\/wp\/v2\/media?parent=295"}],"curies":[{"name":"wp","href":"https:\/\/api.w.org\/{rel}","templated":true}]}}